{"id":2905,"date":"2021-08-03T06:53:03","date_gmt":"2021-08-03T06:53:03","guid":{"rendered":"https:\/\/casasafer.it\/contatcs\/"},"modified":"2024-09-27T13:57:19","modified_gmt":"2024-09-27T13:57:19","slug":"contatcs","status":"publish","type":"page","link":"https:\/\/casasafer.it\/en\/contatcs\/","title":{"rendered":"Contatcs"},"content":{"rendered":"\t\t<div data-elementor-type=\"wp-page\" data-elementor-id=\"2905\" class=\"elementor elementor-2905 elementor-418\" data-elementor-settings=\"{&quot;page_masthead_header_background_color&quot;:&quot;#ffffff&quot;,&quot;page_masthead_featured_background_color&quot;:&quot;#f8f8f8&quot;}\" data-elementor-post-type=\"page\">\n\t\t\t\t\t\t<section class=\"elementor-section elementor-top-section elementor-element elementor-element-41960d4 bg-dark-1 light pt-large pb-large elementor-section-boxed elementor-section-height-default elementor-section-height-default\" data-id=\"41960d4\" data-element_type=\"section\" data-settings=\"{&quot;theme_remove_top_bottom_gaps&quot;:&quot;yes&quot;,&quot;theme_section_color&quot;:&quot;bg-dark-1&quot;,&quot;theme_section_elements_theme&quot;:&quot;light&quot;}\" data-arts-theme-text=\"light\">\n\t\t\t\t\t\t<div class=\"elementor-container elementor-column-gap-wide\">\n\t\t\t\t\t<div class=\"elementor-column elementor-col-100 elementor-top-column elementor-element elementor-element-cd299a4\" data-id=\"cd299a4\" data-element_type=\"column\">\n\t\t\t<div class=\"elementor-widget-wrap elementor-element-populated\">\n\t\t\t\t\t\t<section class=\"elementor-section elementor-inner-section elementor-element elementor-element-a66f6ad elementor-section-full_width elementor-section-height-default elementor-section-height-default\" data-id=\"a66f6ad\" data-element_type=\"section\">\n\t\t\t\t\t\t<div class=\"elementor-container elementor-column-gap-no\">\n\t\t\t\t\t<div class=\"elementor-column elementor-col-100 elementor-inner-column elementor-element elementor-element-c15594c\" data-id=\"c15594c\" data-element_type=\"column\">\n\t\t\t<div class=\"elementor-widget-wrap elementor-element-populated\">\n\t\t\t\t\t\t<div class=\"elementor-element elementor-element-0082e31 elementor-widget elementor-widget-kinsey-widget-content-block\" data-id=\"0082e31\" data-element_type=\"widget\" data-widget_type=\"kinsey-widget-content-block.default\">\n\t\t\t\t<div class=\"elementor-widget-container\">\n\t\t\t\t\t\t\t<div class=\"section section-content\">\n\t\t\t\t\t\t<div class=\"section-content__content content arts-split-text js-arts-split-text\" data-arts-split-text=\"lines\" data-arts-split-text-set=\"lines\" data-arts-split-text-overflow-wrap=\"lines\" data-arts-os-animation=\"true\" data-arts-os-animation-name=\"animateText\"><h6>Email<\/h6>\n<h2 class=\"mt-0\"><a class=\"underline-hover-self\" href=\"mailto:info@casasafer.it\" target=\"_blank\" rel=\"noopener\">info@casasafer.it<\/a><\/h2>\n<\/div>\n\t\t\t\t\t<\/div>\n\t\t\t\t\t\t<\/div>\n\t\t\t\t<\/div>\n\t\t\t\t\t<\/div>\n\t\t<\/div>\n\t\t\t\t\t<\/div>\n\t\t<\/section>\n\t\t\t\t<section class=\"elementor-section elementor-inner-section elementor-element elementor-element-33907fa elementor-section-full_width mt-xsmall elementor-section-height-default elementor-section-height-default\" data-id=\"33907fa\" data-element_type=\"section\">\n\t\t\t\t\t\t<div class=\"elementor-container elementor-column-gap-no\">\n\t\t\t\t\t<div class=\"elementor-column elementor-col-100 elementor-inner-column elementor-element elementor-element-e430354\" data-id=\"e430354\" data-element_type=\"column\">\n\t\t\t<div class=\"elementor-widget-wrap elementor-element-populated\">\n\t\t\t\t\t\t<div class=\"elementor-element elementor-element-e4c1ab5 elementor-widget elementor-widget-kinsey-widget-content-block\" data-id=\"e4c1ab5\" data-element_type=\"widget\" data-widget_type=\"kinsey-widget-content-block.default\">\n\t\t\t\t<div class=\"elementor-widget-container\">\n\t\t\t\t\t\t\t<div class=\"section section-content\">\n\t\t\t\t\t\t<div class=\"section-content__content content arts-split-text js-arts-split-text\" data-arts-split-text=\"lines\" data-arts-split-text-set=\"lines\" data-arts-split-text-overflow-wrap=\"lines\" data-arts-os-animation=\"true\" data-arts-os-animation-name=\"animateText\"><h6>Phone<\/h6>\n<h2 class=\"mt-0\"><a class=\"underline-hover-self\" href=\"tel:+390550541228\" target=\"_blank\" rel=\"noopener\">(+39) 055 054 1228<\/a><\/h2>\n<\/div>\n\t\t\t\t\t<\/div>\n\t\t\t\t\t\t<\/div>\n\t\t\t\t<\/div>\n\t\t\t\t\t<\/div>\n\t\t<\/div>\n\t\t\t\t\t<\/div>\n\t\t<\/section>\n\t\t\t\t<section class=\"elementor-section elementor-inner-section elementor-element elementor-element-524a1f3 elementor-section-full_width mt-xsmall elementor-section-height-default elementor-section-height-default\" data-id=\"524a1f3\" data-element_type=\"section\">\n\t\t\t\t\t\t<div class=\"elementor-container elementor-column-gap-no\">\n\t\t\t\t\t<div class=\"elementor-column elementor-col-100 elementor-inner-column elementor-element elementor-element-228c9c1\" data-id=\"228c9c1\" data-element_type=\"column\">\n\t\t\t<div class=\"elementor-widget-wrap elementor-element-populated\">\n\t\t\t\t\t\t<div class=\"elementor-element elementor-element-032ec2e elementor-widget elementor-widget-kinsey-widget-content-block\" data-id=\"032ec2e\" data-element_type=\"widget\" data-widget_type=\"kinsey-widget-content-block.default\">\n\t\t\t\t<div class=\"elementor-widget-container\">\n\t\t\t\t\t\t\t<div class=\"section section-content\">\n\t\t\t\t\t\t<div class=\"section-content__content content arts-split-text js-arts-split-text\" data-arts-split-text=\"lines\" data-arts-split-text-set=\"lines\" data-arts-split-text-overflow-wrap=\"lines\" data-arts-os-animation=\"true\" data-arts-os-animation-name=\"animateText\"><h6>Where we are<\/h6>\n<h2 class=\"mt-0\">Via dei Rustici, 1A,<br \/>50122 Florence FI<\/h2>\n<\/div>\n\t\t\t\t\t<\/div>\n\t\t\t\t\t\t<\/div>\n\t\t\t\t<\/div>\n\t\t\t\t\t<\/div>\n\t\t<\/div>\n\t\t\t\t\t<\/div>\n\t\t<\/section>\n\t\t\t\t<section class=\"elementor-section elementor-inner-section elementor-element elementor-element-f32fd73 elementor-section-full_width elementor-section-height-default elementor-section-height-default\" data-id=\"f32fd73\" data-element_type=\"section\">\n\t\t\t\t\t\t<div class=\"elementor-container elementor-column-gap-no\">\n\t\t\t\t\t<div class=\"elementor-column elementor-col-100 elementor-inner-column elementor-element elementor-element-02b53ab\" data-id=\"02b53ab\" data-element_type=\"column\">\n\t\t\t<div class=\"elementor-widget-wrap elementor-element-populated\">\n\t\t\t\t\t\t<div class=\"elementor-element elementor-element-06798e9 elementor-widget elementor-widget-kinsey-widget-button\" data-id=\"06798e9\" data-element_type=\"widget\" data-widget_type=\"kinsey-widget-button.default\">\n\t\t\t\t<div class=\"elementor-widget-container\">\n\t\t\t\t\t\t\t<div class=\"section section-content\">\n\t\t\t<div class=\"section-content__wrapper-button\" data-arts-os-animation=\"true\" data-arts-os-animation-name=\"animateJump\">\n\t\t\t\t\n<a href=\"https:\/\/goo.gl\/maps\/zaGY2YtVjBxor49Y6\" class=\"button button_bordered button_icon\" target=\"_blank\">\n\t<span class=\"button__label button__label-normal\">\n\t\t\t\t\t\t\t\n\t\t<span class=\"button__title\">Look on the navigator!<\/span>\n\n\t\t\t\t\t\t\t\t<\/span>\n\t\t\t<span class=\"button__label button__label-hover\">\n\t\t\t\t\t\t\t\t\t\t\n\t\t\t<span class=\"button__title\">Look on the navigator!<\/span>\n\n\t\t\t\t\t\t\t\t\t\t\t\t<\/span>\n\t<\/a>\n\t\t\t<\/div>\n\t\t<\/div>\n\t\t\t\t\t\t<\/div>\n\t\t\t\t<\/div>\n\t\t\t\t\t<\/div>\n\t\t<\/div>\n\t\t\t\t\t<\/div>\n\t\t<\/section>\n\t\t\t\t\t<\/div>\n\t\t<\/div>\n\t\t\t\t\t<\/div>\n\t\t<\/section>\n\t\t\t\t<section class=\"elementor-section elementor-top-section elementor-element elementor-element-8b35676 elementor-section-full_width bg-dark-2 elementor-section-height-default elementor-section-height-default\" data-id=\"8b35676\" data-element_type=\"section\" data-settings=\"{&quot;theme_section_color&quot;:&quot;bg-dark-2&quot;}\">\n\t\t\t\t\t\t<div class=\"elementor-container elementor-column-gap-no\">\n\t\t\t\t\t<div class=\"elementor-column elementor-col-100 elementor-top-column elementor-element elementor-element-009458c\" data-id=\"009458c\" data-element_type=\"column\">\n\t\t\t<div class=\"elementor-widget-wrap elementor-element-populated\">\n\t\t\t\t\t\t<div class=\"elementor-element elementor-element-995d546 elementor-widget elementor-widget-html\" data-id=\"995d546\" data-element_type=\"widget\" data-widget_type=\"html.default\">\n\t\t\t\t<div class=\"elementor-widget-container\">\n\t\t\t\t\t<iframe src=\"https:\/\/www.google.com\/maps\/embed?pb=!1m14!1m8!1m3!1d11524.829566851118!2d11.2587702!3d43.7685536!3m2!1i1024!2i768!4f13.1!3m3!1m2!1s0x132a55e9ad19377d%3A0xd564c4acd3f380a9!2sCasaSafer!5e0!3m2!1sit!2sit!4v1694008055411!5m2!1sit!2sit\" width=\"600\" height=\"450\" style=\"border:0;\" allowfullscreen=\"\" loading=\"lazy\" referrerpolicy=\"no-referrer-when-downgrade\"><\/iframe>\t\t\t\t<\/div>\n\t\t\t\t<\/div>\n\t\t\t\t\t<\/div>\n\t\t<\/div>\n\t\t\t\t\t<\/div>\n\t\t<\/section>\n\t\t\t\t<section class=\"elementor-section elementor-top-section elementor-element elementor-element-e790f1a elementor-section-boxed elementor-section-height-default elementor-section-height-default\" data-id=\"e790f1a\" data-element_type=\"section\">\n\t\t\t\t\t\t<div class=\"elementor-container elementor-column-gap-default\">\n\t\t\t\t\t<div class=\"elementor-column elementor-col-100 elementor-top-column elementor-element elementor-element-ffed337\" data-id=\"ffed337\" data-element_type=\"column\">\n\t\t\t<div class=\"elementor-widget-wrap elementor-element-populated\">\n\t\t\t\t\t\t<div class=\"elementor-element elementor-element-2d5e416 elementor-widget elementor-widget-image\" data-id=\"2d5e416\" data-element_type=\"widget\" data-widget_type=\"image.default\">\n\t\t\t\t<div class=\"elementor-widget-container\">\n\t\t\t\t\t\t\t\t\t\t\t\t\t\t\t<img fetchpriority=\"high\" decoding=\"async\" width=\"722\" height=\"1024\" src=\"https:\/\/casasafer.it\/wp-content\/uploads\/2023\/12\/Screenshot-2023-12-04-alle-14.47.23-722x1024.jpg\" class=\"attachment-large size-large wp-image-3029\" alt=\"\" srcset=\"https:\/\/casasafer.it\/wp-content\/uploads\/2023\/12\/Screenshot-2023-12-04-alle-14.47.23-722x1024.jpg 722w, https:\/\/casasafer.it\/wp-content\/uploads\/2023\/12\/Screenshot-2023-12-04-alle-14.47.23-211x300.jpg 211w, https:\/\/casasafer.it\/wp-content\/uploads\/2023\/12\/Screenshot-2023-12-04-alle-14.47.23.jpg 761w\" sizes=\"(max-width: 722px) 100vw, 722px\" \/>\t\t\t\t\t\t\t\t\t\t\t\t\t\t\t<\/div>\n\t\t\t\t<\/div>\n\t\t\t\t\t<\/div>\n\t\t<\/div>\n\t\t\t\t\t<\/div>\n\t\t<\/section>\n\t\t\t\t<section class=\"elementor-section elementor-top-section elementor-element elementor-element-ca0d4e9 elementor-section-boxed elementor-section-height-default elementor-section-height-default\" data-id=\"ca0d4e9\" data-element_type=\"section\">\n\t\t\t\t\t\t<div class=\"elementor-container elementor-column-gap-default\">\n\t\t\t\t\t<div class=\"elementor-column elementor-col-100 elementor-top-column elementor-element elementor-element-01d2112\" data-id=\"01d2112\" data-element_type=\"column\">\n\t\t\t<div class=\"elementor-widget-wrap elementor-element-populated\">\n\t\t\t\t\t\t<div class=\"elementor-element elementor-element-2a823f3 elementor-widget elementor-widget-toggle\" data-id=\"2a823f3\" data-element_type=\"widget\" data-widget_type=\"toggle.default\">\n\t\t\t\t<div class=\"elementor-widget-container\">\n\t\t\t\t\t\t\t<div class=\"elementor-toggle\">\n\t\t\t\t\t\t\t<div class=\"elementor-toggle-item\">\n\t\t\t\t\t<div id=\"elementor-tab-title-4451\" class=\"elementor-tab-title\" data-tab=\"1\" role=\"button\" aria-controls=\"elementor-tab-content-4451\" aria-expanded=\"false\">\n\t\t\t\t\t\t\t\t\t\t\t\t<span class=\"elementor-toggle-icon elementor-toggle-icon-left\" aria-hidden=\"true\">\n\t\t\t\t\t\t\t\t\t\t\t\t\t\t\t<span class=\"elementor-toggle-icon-closed\"><i class=\"fas fa-caret-right\"><\/i><\/span>\n\t\t\t\t\t\t\t\t<span class=\"elementor-toggle-icon-opened\"><i class=\"elementor-toggle-icon-opened fas fa-caret-up\"><\/i><\/span>\n\t\t\t\t\t\t\t\t\t\t\t\t\t<\/span>\n\t\t\t\t\t\t\t\t\t\t\t\t<a class=\"elementor-toggle-title\" tabindex=\"0\">CasaSafer Rules<\/a>\n\t\t\t\t\t<\/div>\n\n\t\t\t\t\t<div id=\"elementor-tab-content-4451\" class=\"elementor-tab-content elementor-clearfix\" data-tab=\"1\" role=\"region\" aria-labelledby=\"elementor-tab-title-4451\"><p>Gentile ospite, sar\u00e0 nostro piacere accoglierti a CasaSafer di persona e salutarti, nei seguenti orari check-in \u00e8 dalle ore 3PM alle ore 7PM check-out entro le ore 10AM Se il tuo il tuo arrivo \u00e8 previsto dopo le ore 7PM (dal luned\u00ec al sabato) o nei giorni di domenica o festivi (tutto il giorno) \u00e8 possibile comunque accedere a CasaSafer attraverso il SELF check-in Per attivarlo necessitiamo, con almeno 48 ore di anticipo dalla data di arrivo, di quanto segue: foto dei documenti di tutti gli ospiti un indirizzo email per inviare l\u2019applicazione per la lettura del QRcode un numero di telefono con attivo per inoltrare tutte le informazioni Qualora, per qualsiasi motivo, quanto richiesto non potessi fornircelo, ti preghiamo, di organizzarti per rispettare gli orari del check-in in presenza (entro le ore 7PM luned\u00ec\/sabato \u2013 no domenica e festivi). l&#8217;Art.109 T.U.L.P.S. (testo unico della legge italiana di pubblica sicurezza) prevede l\u2019obbligo di dare alloggio solo a persone munite di carta di identit\u00e0 o passaporto. Dobbiamo quindi identificare, anche per la tua sicurezza, tutti i componenti di eventuali gruppi o famiglie prima dell\u2019ingresso a CasaSafer, sia per chi utilizza il check-in in presenza, sia per chi utilizza il SELF check-in. Suggeriamo infine a chi in arrivo con orario prossimo alla chiusura del check-in, di richiedere comunque il SELF check-in con 48 ore di anticipo, cos\u00ec da rendersi eventualmente autonomo, in caso di ritardi inaspettati o imprevisti. Il nostro deposito bagagli \u00e8 a disposizione dei nostri ospiti sia per chi avesse necessit\u00e0 di lasciare le proprie valige prima dell\u2019orario di check-in o dopo il check-out.<\/p>\n<\/div>\n\t\t\t\t<\/div>\n\t\t\t\t\t\t\t\t<\/div>\n\t\t\t\t\t\t<\/div>\n\t\t\t\t<\/div>\n\t\t\t\t\t<\/div>\n\t\t<\/div>\n\t\t\t\t\t<\/div>\n\t\t<\/section>\n\t\t\t\t<\/div>\n\t\t","protected":false},"excerpt":{"rendered":"<p>Email info@casasafer.it Phone (+39) 055 054 1228 Where we are Via dei Rustici, 1A,50122 Florence FI Look on the navigator! Look on the navigator! CasaSafer Rules Gentile ospite, sar\u00e0 nostro piacere accoglierti a CasaSafer di persona e salutarti, nei seguenti orari check-in \u00e8 dalle ore 3PM alle ore 7PM check-out entro le ore 10AM Se [&hellip;]<\/p>\n","protected":false},"author":1,"featured_media":0,"parent":0,"menu_order":0,"comment_status":"closed","ping_status":"closed","template":"","meta":{"footnotes":""},"class_list":["post-2905","page","type-page","status-publish","hentry"],"acf":[],"yoast_head":"<!-- This site is optimized with the Yoast SEO plugin v24.6 - https:\/\/yoast.com\/wordpress\/plugins\/seo\/ -->\n<title>Contacts | CasaSafer<\/title>\n<meta name=\"robots\" content=\"index, follow, max-snippet:-1, max-image-preview:large, max-video-preview:-1\" \/>\n<link rel=\"canonical\" href=\"https:\/\/casasafer.it\/contacts\/\" \/>\n<meta property=\"og:locale\" content=\"en_US\" \/>\n<meta property=\"og:type\" content=\"article\" \/>\n<meta property=\"og:title\" content=\"Contacts | CasaSafer\" \/>\n<meta property=\"og:description\" content=\"Email info@casasafer.it Phone (+39) 055 054 1228 Where we are Via dei Rustici, 1A,50122 Florence FI Look on the navigator! Look on the navigator! CasaSafer Rules Gentile ospite, sar\u00e0 nostro piacere accoglierti a CasaSafer di persona e salutarti, nei seguenti orari check-in \u00e8 dalle ore 3PM alle ore 7PM check-out entro le ore 10AM Se [&hellip;]\" \/>\n<meta property=\"og:url\" content=\"https:\/\/casasafer.it\/contacts\/\" \/>\n<meta property=\"og:site_name\" content=\"Casa Safer\" \/>\n<meta property=\"article:modified_time\" content=\"2024-09-27T13:57:19+00:00\" \/>\n<meta property=\"og:image\" content=\"https:\/\/casasafer.it\/wp-content\/uploads\/2023\/12\/Screenshot-2023-12-04-alle-14.47.23-722x1024.jpg\" \/>\n<meta name=\"twitter:card\" content=\"summary_large_image\" \/>\n<meta name=\"twitter:label1\" content=\"Est. reading time\" \/>\n\t<meta name=\"twitter:data1\" content=\"1 minute\" \/>\n<script type=\"application\/ld+json\" class=\"yoast-schema-graph\">{\"@context\":\"https:\/\/schema.org\",\"@graph\":[{\"@type\":\"WebPage\",\"@id\":\"https:\/\/casasafer.it\/contacts\/\",\"url\":\"https:\/\/casasafer.it\/contacts\/\",\"name\":\"Contacts | CasaSafer\",\"isPartOf\":{\"@id\":\"https:\/\/casasafer.it\/#website\"},\"primaryImageOfPage\":{\"@id\":\"https:\/\/casasafer.it\/contacts\/#primaryimage\"},\"image\":{\"@id\":\"https:\/\/casasafer.it\/contacts\/#primaryimage\"},\"thumbnailUrl\":\"https:\/\/casasafer.it\/wp-content\/uploads\/2023\/12\/Screenshot-2023-12-04-alle-14.47.23-722x1024.jpg\",\"datePublished\":\"2021-08-03T06:53:03+00:00\",\"dateModified\":\"2024-09-27T13:57:19+00:00\",\"breadcrumb\":{\"@id\":\"https:\/\/casasafer.it\/contacts\/#breadcrumb\"},\"inLanguage\":\"en-US\",\"potentialAction\":[{\"@type\":\"ReadAction\",\"target\":[\"https:\/\/casasafer.it\/contacts\/\"]}]},{\"@type\":\"ImageObject\",\"inLanguage\":\"en-US\",\"@id\":\"https:\/\/casasafer.it\/contacts\/#primaryimage\",\"url\":\"https:\/\/casasafer.it\/wp-content\/uploads\/2023\/12\/Screenshot-2023-12-04-alle-14.47.23-722x1024.jpg\",\"contentUrl\":\"https:\/\/casasafer.it\/wp-content\/uploads\/2023\/12\/Screenshot-2023-12-04-alle-14.47.23-722x1024.jpg\"},{\"@type\":\"BreadcrumbList\",\"@id\":\"https:\/\/casasafer.it\/contacts\/#breadcrumb\",\"itemListElement\":[{\"@type\":\"ListItem\",\"position\":1,\"name\":\"Home\",\"item\":\"https:\/\/casasafer.it\/\"},{\"@type\":\"ListItem\",\"position\":2,\"name\":\"Contatcs\"}]},{\"@type\":\"WebSite\",\"@id\":\"https:\/\/casasafer.it\/#website\",\"url\":\"https:\/\/casasafer.it\/\",\"name\":\"Casa Safer\",\"description\":\"Be art in art\",\"publisher\":{\"@id\":\"https:\/\/casasafer.it\/#organization\"},\"potentialAction\":[{\"@type\":\"SearchAction\",\"target\":{\"@type\":\"EntryPoint\",\"urlTemplate\":\"https:\/\/casasafer.it\/?s={search_term_string}\"},\"query-input\":{\"@type\":\"PropertyValueSpecification\",\"valueRequired\":true,\"valueName\":\"search_term_string\"}}],\"inLanguage\":\"en-US\"},{\"@type\":\"Organization\",\"@id\":\"https:\/\/casasafer.it\/#organization\",\"name\":\"Casa Safer\",\"url\":\"https:\/\/casasafer.it\/\",\"logo\":{\"@type\":\"ImageObject\",\"inLanguage\":\"en-US\",\"@id\":\"https:\/\/casasafer.it\/#\/schema\/logo\/image\/\",\"url\":\"https:\/\/casasafer.it\/wp-content\/uploads\/2023\/07\/cropped-nero-1.png\",\"contentUrl\":\"https:\/\/casasafer.it\/wp-content\/uploads\/2023\/07\/cropped-nero-1.png\",\"width\":605,\"height\":339,\"caption\":\"Casa Safer\"},\"image\":{\"@id\":\"https:\/\/casasafer.it\/#\/schema\/logo\/image\/\"}}]}<\/script>\n<!-- \/ Yoast SEO plugin. -->","yoast_head_json":{"title":"Contacts | CasaSafer","robots":{"index":"index","follow":"follow","max-snippet":"max-snippet:-1","max-image-preview":"max-image-preview:large","max-video-preview":"max-video-preview:-1"},"canonical":"https:\/\/casasafer.it\/contacts\/","og_locale":"en_US","og_type":"article","og_title":"Contacts | CasaSafer","og_description":"Email info@casasafer.it Phone (+39) 055 054 1228 Where we are Via dei Rustici, 1A,50122 Florence FI Look on the navigator! Look on the navigator! CasaSafer Rules Gentile ospite, sar\u00e0 nostro piacere accoglierti a CasaSafer di persona e salutarti, nei seguenti orari check-in \u00e8 dalle ore 3PM alle ore 7PM check-out entro le ore 10AM Se [&hellip;]","og_url":"https:\/\/casasafer.it\/contacts\/","og_site_name":"Casa Safer","article_modified_time":"2024-09-27T13:57:19+00:00","og_image":[{"url":"https:\/\/casasafer.it\/wp-content\/uploads\/2023\/12\/Screenshot-2023-12-04-alle-14.47.23-722x1024.jpg","type":"","width":"","height":""}],"twitter_card":"summary_large_image","twitter_misc":{"Est. reading time":"1 minute"},"schema":{"@context":"https:\/\/schema.org","@graph":[{"@type":"WebPage","@id":"https:\/\/casasafer.it\/contacts\/","url":"https:\/\/casasafer.it\/contacts\/","name":"Contacts | CasaSafer","isPartOf":{"@id":"https:\/\/casasafer.it\/#website"},"primaryImageOfPage":{"@id":"https:\/\/casasafer.it\/contacts\/#primaryimage"},"image":{"@id":"https:\/\/casasafer.it\/contacts\/#primaryimage"},"thumbnailUrl":"https:\/\/casasafer.it\/wp-content\/uploads\/2023\/12\/Screenshot-2023-12-04-alle-14.47.23-722x1024.jpg","datePublished":"2021-08-03T06:53:03+00:00","dateModified":"2024-09-27T13:57:19+00:00","breadcrumb":{"@id":"https:\/\/casasafer.it\/contacts\/#breadcrumb"},"inLanguage":"en-US","potentialAction":[{"@type":"ReadAction","target":["https:\/\/casasafer.it\/contacts\/"]}]},{"@type":"ImageObject","inLanguage":"en-US","@id":"https:\/\/casasafer.it\/contacts\/#primaryimage","url":"https:\/\/casasafer.it\/wp-content\/uploads\/2023\/12\/Screenshot-2023-12-04-alle-14.47.23-722x1024.jpg","contentUrl":"https:\/\/casasafer.it\/wp-content\/uploads\/2023\/12\/Screenshot-2023-12-04-alle-14.47.23-722x1024.jpg"},{"@type":"BreadcrumbList","@id":"https:\/\/casasafer.it\/contacts\/#breadcrumb","itemListElement":[{"@type":"ListItem","position":1,"name":"Home","item":"https:\/\/casasafer.it\/"},{"@type":"ListItem","position":2,"name":"Contatcs"}]},{"@type":"WebSite","@id":"https:\/\/casasafer.it\/#website","url":"https:\/\/casasafer.it\/","name":"Casa Safer","description":"Be art in art","publisher":{"@id":"https:\/\/casasafer.it\/#organization"},"potentialAction":[{"@type":"SearchAction","target":{"@type":"EntryPoint","urlTemplate":"https:\/\/casasafer.it\/?s={search_term_string}"},"query-input":{"@type":"PropertyValueSpecification","valueRequired":true,"valueName":"search_term_string"}}],"inLanguage":"en-US"},{"@type":"Organization","@id":"https:\/\/casasafer.it\/#organization","name":"Casa Safer","url":"https:\/\/casasafer.it\/","logo":{"@type":"ImageObject","inLanguage":"en-US","@id":"https:\/\/casasafer.it\/#\/schema\/logo\/image\/","url":"https:\/\/casasafer.it\/wp-content\/uploads\/2023\/07\/cropped-nero-1.png","contentUrl":"https:\/\/casasafer.it\/wp-content\/uploads\/2023\/07\/cropped-nero-1.png","width":605,"height":339,"caption":"Casa Safer"},"image":{"@id":"https:\/\/casasafer.it\/#\/schema\/logo\/image\/"}}]}},"_links":{"self":[{"href":"https:\/\/casasafer.it\/en\/wp-json\/wp\/v2\/pages\/2905","targetHints":{"allow":["GET"]}}],"collection":[{"href":"https:\/\/casasafer.it\/en\/wp-json\/wp\/v2\/pages"}],"about":[{"href":"https:\/\/casasafer.it\/en\/wp-json\/wp\/v2\/types\/page"}],"author":[{"embeddable":true,"href":"https:\/\/casasafer.it\/en\/wp-json\/wp\/v2\/users\/1"}],"replies":[{"embeddable":true,"href":"https:\/\/casasafer.it\/en\/wp-json\/wp\/v2\/comments?post=2905"}],"version-history":[{"count":3,"href":"https:\/\/casasafer.it\/en\/wp-json\/wp\/v2\/pages\/2905\/revisions"}],"predecessor-version":[{"id":3182,"href":"https:\/\/casasafer.it\/en\/wp-json\/wp\/v2\/pages\/2905\/revisions\/3182"}],"wp:attachment":[{"href":"https:\/\/casasafer.it\/en\/wp-json\/wp\/v2\/media?parent=2905"}],"curies":[{"name":"wp","href":"https:\/\/api.w.org\/{rel}","templated":true}]}}